{"id":11332,"date":"2020-06-08T15:21:20","date_gmt":"2020-06-08T13:21:20","guid":{"rendered":"https:\/\/medicalineapharm.rs\/pharma\/"},"modified":"2021-04-29T14:38:11","modified_gmt":"2021-04-29T12:38:11","slug":"farmaceutski-proizvodi","status":"publish","type":"page","link":"https:\/\/medicalineapharm.rs\/sr\/farmaceutski-proizvodi\/","title":{"rendered":"Farmaceutski proizvodi"},"content":{"rendered":"<p>[vc_row content_width=&#8220;grid&#8220; content_aligment=&#8220;center&#8220; css=&#8220;.vc_custom_1604758117699{padding-top: 125px !important;}&#8220;][vc_column offset=&#8220;vc_col-lg-offset-2 vc_col-lg-8 vc_col-md-offset-1 vc_col-md-10&#8243;]<div class=\"eltd-section-title-outer-holder\" style=\"text-align: center\">\n\t<div class=\"eltd-section-title-title-holder\">\n\t\t<span class=\"eltd-section-title\" style=\"font-size: 55px;color: #920000\">\n\t\t\tFARMACEUTSKI PROIZVODI\t\t<\/span>\n\t<\/div>\n\n\t<div class=\"eltd-section-subtitle-holder\">\n\t\t<span class=\"eltd-section-subtitle\" style=\";\">\n\t\t\t\t\t<\/span>\n\t<\/div>\n\n<\/div><div class=\"eltd-separator-holder clearfix  eltd-separator-center\">\n\t<div class=\"eltd-separator\" style=\"border-color: #920000;width: 60px;border-bottom-width: 2px\"><\/div>\n<\/div>\n[vc_empty_space][\/vc_column][\/vc_row][vc_row content_width=&#8220;grid&#8220;][vc_column width=&#8220;1\/2&#8243;][vc_column_text]Farmaceutski proizvodi su uvek bili primarni poslovni fokus Medica Linea Pharm. Od osnivanja, na razli\u010dite na\u010dine uspe\u0161no slu\u017eimo brojnim najvec\u0301im svetskim farmaceutskim korporacijama.<\/p>\n<p>To podrazumeva pru\u017eanje kontinuirane podr\u0161ke u vezi sa regulatornim potrebama lokalnih tr\u017ei\u0161ta, kao i pru\u017eanje podr\u0161ke za pristup tr\u017ei\u0161tu. Pored toga, tu je i saradnja na promociji, marketingu i ostalim prodajnim aktivnostima. Ipak, na\u0161a primarna usluga je logisti\u010dka podr\u0161ka koja omoguc\u0301ava kontinuirano snabdevanje na tr\u017ei\u0161tu Srbije.<\/p>\n<p>Danas slu\u017eimo kao pouzdan partner globalnih farmaceutskih kompanija. Medica Linea Pharm s ponosom podr\u017eava poslovne aktivnosti <a href=\"https:\/\/www.novartis.rs\/\">Novartisa<\/a>, <a href=\"https:\/\/www.abbvie.com\/\">AbbViea<\/a> i <a href=\"https:\/\/www.msd.rs\/home\/\">MSD<\/a>-a i mnogih drugih. Kako kroz niz usluga koje omoguc\u0301avaju rani pristup inovativnim lekovima, tako i putem kontinuiranog i neprekidnog snabdevanja.[\/vc_column_text][\/vc_column][vc_column width=&#8220;1\/2&#8243;][vc_column_text]Va\u017eno je razumeti da na\u0161e partnerstvo i spremnost da podr\u017eimo inovativne proizvode prevazilazi samu logisti\u010dku podr\u0161ku. U Medica Linei, krajnji cilj je uvek pobolj\u0161anje stanja pacijenata. Iz tog razloga, na\u0161a politika je uvek bila da se uklju\u010dimo u aktivnu komunikaciju kako sa pacijentima tako i sa drugim zainteresovanim grupacijama, a kako bismo omoguc\u0301ili da najefikasnija, ekonomi\u010dna i medicinski opravdana terapija bude na raspolaganju onima kojima je to potrebno.<\/p>\n<p>Tokom godina do\u0161li smo do saznanja da efikasnost \u010desto zna\u010di i fleksibilnost. Danas se ova osnovna ideja ogleda u strukturiranju na\u0161eg poslovanja koje proizvo\u0111a\u010dima omoguc\u0301ava da odaberu samo one usluge koje su im potrebne kako bi nadogradili svoje proizvode i poslovno iskustvo na lokalnom tr\u017ei\u0161tu. <a href=\"https:\/\/medicalineapharm.rs\/forma\/?lang=sr\"><strong>Za<\/strong><strong> katalog dostupnih medicinskih proizvoda, molim Vas kliknite ovde.<\/strong><\/a>[\/vc_column_text][\/vc_column][\/vc_row][vc_row css=&#8220;.vc_custom_1616149996119{padding-left: 1px !important;}&#8220;][vc_column][vc_empty_space height=&#8220;200&#8243;]<div class=\"eltd-section-title-outer-holder\" style=\"text-align: center\">\n\t<div class=\"eltd-section-title-title-holder\">\n\t\t<span class=\"eltd-section-title\" style=\"font-size: 55px;color: #920000\">\n\t\t\tNA\u0160I PARTNERI\t\t<\/span>\n\t<\/div>\n\n\t<div class=\"eltd-section-subtitle-holder\">\n\t\t<span class=\"eltd-section-subtitle\" style=\";\">\n\t\t\t\t\t<\/span>\n\t<\/div>\n\n<\/div><div class=\"eltd-separator-holder clearfix  eltd-separator-center\">\n\t<div class=\"eltd-separator\" style=\"border-color: #920000;width: 60px;border-bottom-width: 2px\"><\/div>\n<\/div>\n[vc_empty_space height=&#8220;70&#8243;][vc_row_inner][vc_column_inner]<div class=\"eltd-carousel-holder carousel-pagination-dark clearfix\"><div class=\"eltd-carousel\" data-items=\"3\" data-show_in_two_rows=\"no\" data-navigation=\"yes\" data-pagination=\"yes\" data-autoplay=\"yes\" data-autoplay-duration=\"1500\" data-image-animation=\"image-change\"><div class=\"eltd-carousel-item-holder\">\n\t\t<a href=\"https:\/\/www.msd.com\/\" target=\"_blank\">\n\t\t\t\t\t\t<span class=\"eltd-carousel-first-image-holder eltd-has-hover-image eltd-image-change\">\n\t\t\t\t<img decoding=\"async\" src=\"https:\/\/medicalineapharm.wwwnl1-sr4.supercp.com\/wp-content\/uploads\/2020\/12\/MSD-logo.png\" alt=\"MSD\">\n\t\t\t\t\t\t\t<\/span>\n\t\t\t\t\t\t\t<span class=\"eltd-carousel-second-image-holder eltd-has-hover-image eltd-image-change\">\n\t\t\t\t<img decoding=\"async\" src=\"https:\/\/medicalineapharm.wwwnl1-sr4.supercp.com\/wp-content\/uploads\/2020\/12\/MSD-logo.png\" alt=\"MSD\">\n\t\t\t<\/span>\n\t\t\t\t<\/a>\n\t<\/div><div class=\"eltd-carousel-item-holder\">\n\t\t<a href=\"https:\/\/www.abbvie.com\/\" target=\"_blank\">\n\t\t\t\t\t\t<span class=\"eltd-carousel-first-image-holder eltd-has-hover-image eltd-image-change\">\n\t\t\t\t<img decoding=\"async\" src=\"https:\/\/medicalineapharm.wwwnl1-sr4.supercp.com\/wp-content\/uploads\/2020\/11\/abbvie.png\" alt=\"AbbVie\">\n\t\t\t\t\t\t\t<\/span>\n\t\t\t\t\t\t\t<span class=\"eltd-carousel-second-image-holder eltd-has-hover-image eltd-image-change\">\n\t\t\t\t<img decoding=\"async\" src=\"https:\/\/medicalineapharm.wwwnl1-sr4.supercp.com\/wp-content\/uploads\/2020\/11\/abbvie.png\" alt=\"AbbVie\">\n\t\t\t<\/span>\n\t\t\t\t<\/a>\n\t<\/div><div class=\"eltd-carousel-item-holder\">\n\t\t<a href=\"https:\/\/www.novartis.com\/\" target=\"_blank\">\n\t\t\t\t\t\t<span class=\"eltd-carousel-first-image-holder eltd-has-hover-image eltd-image-change\">\n\t\t\t\t<img decoding=\"async\" src=\"https:\/\/medicalineapharm.wwwnl1-sr4.supercp.com\/wp-content\/uploads\/2020\/11\/Novartis.png\" alt=\"Novartis\">\n\t\t\t\t\t\t\t<\/span>\n\t\t\t\t\t\t\t<span class=\"eltd-carousel-second-image-holder eltd-has-hover-image eltd-image-change\">\n\t\t\t\t<img decoding=\"async\" src=\"https:\/\/medicalineapharm.wwwnl1-sr4.supercp.com\/wp-content\/uploads\/2020\/11\/Novartis.png\" alt=\"Novartis\">\n\t\t\t<\/span>\n\t\t\t\t<\/a>\n\t<\/div><\/div><\/div>[\/vc_column_inner][\/vc_row_inner][\/vc_column][\/vc_row]<\/p>\n","protected":false},"excerpt":{"rendered":"<p>[vc_row content_width=&#8220;grid&#8220; content_aligment=&#8220;center&#8220; css=&#8220;.vc_custom_1604758117699{padding-top: 125px !important;}&#8220;][vc_column offset=&#8220;vc_col-lg-offset-2 vc_col-lg-8 vc_col-md-offset-1 vc_col-md-10&#8243;][vc_empty_space][\/vc_column][\/vc_row][vc_row content_width=&#8220;grid&#8220;][vc_column width=&#8220;1\/2&#8243;][vc_column_text]Farmaceutski proizvodi su uvek bili primarni poslovni fokus Medica Linea Pharm. Od osnivanja, na razli\u010dite na\u010dine uspe\u0161no slu\u017eimo brojnim najvec\u0301im svetskim farmaceutskim korporacijama. To podrazumeva pru\u017eanje kontinuirane podr\u0161ke u vezi sa regulatornim potrebama lokalnih&#8230;<\/p>\n","protected":false},"author":4,"featured_media":0,"parent":0,"menu_order":0,"comment_status":"closed","ping_status":"closed","template":"full-width.php","meta":{"footnotes":""},"class_list":["post-11332","page","type-page","status-publish","hentry"],"yoast_head":"<!-- This site is optimized with the Yoast SEO plugin v24.2 - https:\/\/yoast.com\/wordpress\/plugins\/seo\/ -->\n<title>Farmaceutski proizvodi - Medica Linea Pharm - Sve na jednom mestu<\/title>\n<meta name=\"description\" content=\"Farmaceutski proizvodi su uvek bili primarni poslovni fokus Medica Linea Pharm. Od osnivanja, na razli\u010dite na\u010dine uspe\u0161no slu\u017eimo brojnim najvec\u0301im svetskim farmaceutskim korporacijama.\" \/>\n<meta name=\"robots\" content=\"index, follow, max-snippet:-1, max-image-preview:large, max-video-preview:-1\" \/>\n<link rel=\"canonical\" href=\"https:\/\/medicalineapharm.rs\/sr\/farmaceutski-proizvodi\/\" \/>\n<meta property=\"og:locale\" content=\"sr_RS\" \/>\n<meta property=\"og:type\" content=\"article\" \/>\n<meta property=\"og:title\" content=\"Farmaceutski proizvodi - Medica Linea Pharm - Sve na jednom mestu\" \/>\n<meta property=\"og:description\" content=\"Farmaceutski proizvodi su uvek bili primarni poslovni fokus Medica Linea Pharm. Od osnivanja, na razli\u010dite na\u010dine uspe\u0161no slu\u017eimo brojnim najvec\u0301im svetskim farmaceutskim korporacijama.\" \/>\n<meta property=\"og:url\" content=\"https:\/\/medicalineapharm.rs\/sr\/farmaceutski-proizvodi\/\" \/>\n<meta property=\"og:site_name\" content=\"Medica Linea Pharm\" \/>\n<meta property=\"article:modified_time\" content=\"2021-04-29T12:38:11+00:00\" \/>\n<meta property=\"og:image\" content=\"https:\/\/medicalineapharm.rs\/wp-content\/uploads\/2021\/03\/Podr\u0161ka-pacijentima-sa-reumatoidnim-artritisom.jpg\" \/>\n\t<meta property=\"og:image:width\" content=\"1200\" \/>\n\t<meta property=\"og:image:height\" content=\"800\" \/>\n\t<meta property=\"og:image:type\" content=\"image\/jpeg\" \/>\n<meta name=\"twitter:card\" content=\"summary_large_image\" \/>\n<meta name=\"twitter:label1\" content=\"\u041f\u0440\u043e\u0446\u0435\u045a\u0435\u043d\u043e \u0432\u0440\u0435\u043c\u0435 \u0447\u0438\u0442\u0430\u045a\u0430\" \/>\n\t<meta name=\"twitter:data1\" content=\"2 \u043c\u0438\u043d\u0443\u0442\u0430\" \/>\n<script type=\"application\/ld+json\" class=\"yoast-schema-graph\">{\"@context\":\"https:\/\/schema.org\",\"@graph\":[{\"@type\":\"WebPage\",\"@id\":\"https:\/\/medicalineapharm.rs\/sr\/farmaceutski-proizvodi\/\",\"url\":\"https:\/\/medicalineapharm.rs\/sr\/farmaceutski-proizvodi\/\",\"name\":\"Farmaceutski proizvodi - Medica Linea Pharm - Sve na jednom mestu\",\"isPartOf\":{\"@id\":\"https:\/\/medicalineapharm.rs\/sr\/#website\"},\"datePublished\":\"2020-06-08T13:21:20+00:00\",\"dateModified\":\"2021-04-29T12:38:11+00:00\",\"description\":\"Farmaceutski proizvodi su uvek bili primarni poslovni fokus Medica Linea Pharm. Od osnivanja, na razli\u010dite na\u010dine uspe\u0161no slu\u017eimo brojnim najvec\u0301im svetskim farmaceutskim korporacijama.\",\"breadcrumb\":{\"@id\":\"https:\/\/medicalineapharm.rs\/sr\/farmaceutski-proizvodi\/#breadcrumb\"},\"inLanguage\":\"sr-RS\",\"potentialAction\":[{\"@type\":\"ReadAction\",\"target\":[\"https:\/\/medicalineapharm.rs\/sr\/farmaceutski-proizvodi\/\"]}]},{\"@type\":\"BreadcrumbList\",\"@id\":\"https:\/\/medicalineapharm.rs\/sr\/farmaceutski-proizvodi\/#breadcrumb\",\"itemListElement\":[{\"@type\":\"ListItem\",\"position\":1,\"name\":\"Home\",\"item\":\"https:\/\/medicalineapharm.rs\/sr\/?lang=sr\"},{\"@type\":\"ListItem\",\"position\":2,\"name\":\"Farmaceutski proizvodi\"}]},{\"@type\":\"WebSite\",\"@id\":\"https:\/\/medicalineapharm.rs\/sr\/#website\",\"url\":\"https:\/\/medicalineapharm.rs\/sr\/\",\"name\":\"Medica Linea Pharm\",\"description\":\"Belgrade\",\"publisher\":{\"@id\":\"https:\/\/medicalineapharm.rs\/sr\/#organization\"},\"potentialAction\":[{\"@type\":\"SearchAction\",\"target\":{\"@type\":\"EntryPoint\",\"urlTemplate\":\"https:\/\/medicalineapharm.rs\/sr\/?s={search_term_string}\"},\"query-input\":{\"@type\":\"PropertyValueSpecification\",\"valueRequired\":true,\"valueName\":\"search_term_string\"}}],\"inLanguage\":\"sr-RS\"},{\"@type\":\"Organization\",\"@id\":\"https:\/\/medicalineapharm.rs\/sr\/#organization\",\"name\":\"Medica Linea Pharm\",\"url\":\"https:\/\/medicalineapharm.rs\/sr\/\",\"logo\":{\"@type\":\"ImageObject\",\"inLanguage\":\"sr-RS\",\"@id\":\"https:\/\/medicalineapharm.rs\/sr\/#\/schema\/logo\/image\/\",\"url\":\"https:\/\/medicalineapharm.rs\/wp-content\/uploads\/2024\/08\/ML_LOGO.png\",\"contentUrl\":\"https:\/\/medicalineapharm.rs\/wp-content\/uploads\/2024\/08\/ML_LOGO.png\",\"width\":255,\"height\":66,\"caption\":\"Medica Linea Pharm\"},\"image\":{\"@id\":\"https:\/\/medicalineapharm.rs\/sr\/#\/schema\/logo\/image\/\"}}]}<\/script>\n<!-- \/ Yoast SEO plugin. -->","yoast_head_json":{"title":"Farmaceutski proizvodi - Medica Linea Pharm - Sve na jednom mestu","description":"Farmaceutski proizvodi su uvek bili primarni poslovni fokus Medica Linea Pharm. Od osnivanja, na razli\u010dite na\u010dine uspe\u0161no slu\u017eimo brojnim najvec\u0301im svetskim farmaceutskim korporacijama.","robots":{"index":"index","follow":"follow","max-snippet":"max-snippet:-1","max-image-preview":"max-image-preview:large","max-video-preview":"max-video-preview:-1"},"canonical":"https:\/\/medicalineapharm.rs\/sr\/farmaceutski-proizvodi\/","og_locale":"sr_RS","og_type":"article","og_title":"Farmaceutski proizvodi - Medica Linea Pharm - Sve na jednom mestu","og_description":"Farmaceutski proizvodi su uvek bili primarni poslovni fokus Medica Linea Pharm. Od osnivanja, na razli\u010dite na\u010dine uspe\u0161no slu\u017eimo brojnim najvec\u0301im svetskim farmaceutskim korporacijama.","og_url":"https:\/\/medicalineapharm.rs\/sr\/farmaceutski-proizvodi\/","og_site_name":"Medica Linea Pharm","article_modified_time":"2021-04-29T12:38:11+00:00","og_image":[{"width":1200,"height":800,"url":"https:\/\/medicalineapharm.rs\/wp-content\/uploads\/2021\/03\/Podr\u0161ka-pacijentima-sa-reumatoidnim-artritisom.jpg","type":"image\/jpeg"}],"twitter_card":"summary_large_image","twitter_misc":{"\u041f\u0440\u043e\u0446\u0435\u045a\u0435\u043d\u043e \u0432\u0440\u0435\u043c\u0435 \u0447\u0438\u0442\u0430\u045a\u0430":"2 \u043c\u0438\u043d\u0443\u0442\u0430"},"schema":{"@context":"https:\/\/schema.org","@graph":[{"@type":"WebPage","@id":"https:\/\/medicalineapharm.rs\/sr\/farmaceutski-proizvodi\/","url":"https:\/\/medicalineapharm.rs\/sr\/farmaceutski-proizvodi\/","name":"Farmaceutski proizvodi - Medica Linea Pharm - Sve na jednom mestu","isPartOf":{"@id":"https:\/\/medicalineapharm.rs\/sr\/#website"},"datePublished":"2020-06-08T13:21:20+00:00","dateModified":"2021-04-29T12:38:11+00:00","description":"Farmaceutski proizvodi su uvek bili primarni poslovni fokus Medica Linea Pharm. Od osnivanja, na razli\u010dite na\u010dine uspe\u0161no slu\u017eimo brojnim najvec\u0301im svetskim farmaceutskim korporacijama.","breadcrumb":{"@id":"https:\/\/medicalineapharm.rs\/sr\/farmaceutski-proizvodi\/#breadcrumb"},"inLanguage":"sr-RS","potentialAction":[{"@type":"ReadAction","target":["https:\/\/medicalineapharm.rs\/sr\/farmaceutski-proizvodi\/"]}]},{"@type":"BreadcrumbList","@id":"https:\/\/medicalineapharm.rs\/sr\/farmaceutski-proizvodi\/#breadcrumb","itemListElement":[{"@type":"ListItem","position":1,"name":"Home","item":"https:\/\/medicalineapharm.rs\/sr\/?lang=sr"},{"@type":"ListItem","position":2,"name":"Farmaceutski proizvodi"}]},{"@type":"WebSite","@id":"https:\/\/medicalineapharm.rs\/sr\/#website","url":"https:\/\/medicalineapharm.rs\/sr\/","name":"Medica Linea Pharm","description":"Belgrade","publisher":{"@id":"https:\/\/medicalineapharm.rs\/sr\/#organization"},"potentialAction":[{"@type":"SearchAction","target":{"@type":"EntryPoint","urlTemplate":"https:\/\/medicalineapharm.rs\/sr\/?s={search_term_string}"},"query-input":{"@type":"PropertyValueSpecification","valueRequired":true,"valueName":"search_term_string"}}],"inLanguage":"sr-RS"},{"@type":"Organization","@id":"https:\/\/medicalineapharm.rs\/sr\/#organization","name":"Medica Linea Pharm","url":"https:\/\/medicalineapharm.rs\/sr\/","logo":{"@type":"ImageObject","inLanguage":"sr-RS","@id":"https:\/\/medicalineapharm.rs\/sr\/#\/schema\/logo\/image\/","url":"https:\/\/medicalineapharm.rs\/wp-content\/uploads\/2024\/08\/ML_LOGO.png","contentUrl":"https:\/\/medicalineapharm.rs\/wp-content\/uploads\/2024\/08\/ML_LOGO.png","width":255,"height":66,"caption":"Medica Linea Pharm"},"image":{"@id":"https:\/\/medicalineapharm.rs\/sr\/#\/schema\/logo\/image\/"}}]}},"_links":{"self":[{"href":"https:\/\/medicalineapharm.rs\/sr\/wp-json\/wp\/v2\/pages\/11332","targetHints":{"allow":["GET"]}}],"collection":[{"href":"https:\/\/medicalineapharm.rs\/sr\/wp-json\/wp\/v2\/pages"}],"about":[{"href":"https:\/\/medicalineapharm.rs\/sr\/wp-json\/wp\/v2\/types\/page"}],"author":[{"embeddable":true,"href":"https:\/\/medicalineapharm.rs\/sr\/wp-json\/wp\/v2\/users\/4"}],"replies":[{"embeddable":true,"href":"https:\/\/medicalineapharm.rs\/sr\/wp-json\/wp\/v2\/comments?post=11332"}],"version-history":[{"count":8,"href":"https:\/\/medicalineapharm.rs\/sr\/wp-json\/wp\/v2\/pages\/11332\/revisions"}],"predecessor-version":[{"id":11586,"href":"https:\/\/medicalineapharm.rs\/sr\/wp-json\/wp\/v2\/pages\/11332\/revisions\/11586"}],"wp:attachment":[{"href":"https:\/\/medicalineapharm.rs\/sr\/wp-json\/wp\/v2\/media?parent=11332"}],"curies":[{"name":"wp","href":"https:\/\/api.w.org\/{rel}","templated":true}]}}