{"id":11309,"date":"2016-06-08T07:59:24","date_gmt":"2016-06-08T07:59:24","guid":{"rendered":"https:\/\/medicalineapharm.rs\/premises\/"},"modified":"2021-06-10T11:27:38","modified_gmt":"2021-06-10T09:27:38","slug":"prostorije","status":"publish","type":"page","link":"https:\/\/medicalineapharm.rs\/sr\/prostorije\/","title":{"rendered":"Prostorije"},"content":{"rendered":"<p>[vc_row content_width=&#8220;grid&#8220; content_aligment=&#8220;center&#8220; css=&#8220;.vc_custom_1608299254512{padding-top: 125px !important;}&#8220;][vc_column offset=&#8220;vc_col-lg-offset-2 vc_col-lg-8 vc_col-md-offset-1 vc_col-md-10&#8243;]<div class=\"eltd-section-title-outer-holder\" style=\"text-align: center\">\n\t<div class=\"eltd-section-title-title-holder\">\n\t\t<span class=\"eltd-section-title\" style=\"font-size: 55px;color: #920000\">\n\t\t\tPROSTORIJE\t\t<\/span>\n\t<\/div>\n\n\t<div class=\"eltd-section-subtitle-holder\">\n\t\t<span class=\"eltd-section-subtitle\" style=\";\">\n\t\t\t\t\t<\/span>\n\t<\/div>\n\n<\/div><div class=\"eltd-separator-holder clearfix  eltd-separator-center\">\n\t<div class=\"eltd-separator\" style=\"border-color: #920000;width: 60px;border-bottom-width: 2px\"><\/div>\n<\/div>\n[vc_empty_space height=&#8220;20px&#8220;][\/vc_column][\/vc_row][vc_row content_width=&#8220;grid&#8220;][vc_column width=&#8220;1\/6&#8243;][\/vc_column][vc_column width=&#8220;2\/3&#8243;][vc_column_text]<\/p>\n<p style=\"text-align: center;\"><span style=\"color: #404040;\">Medica Linea Pharm ima registrovano sedi\u0161te u Strahinji\u0107a bana 10 \u2013 dvori\u0161na zgrada, Beograd, a glavna kancelarija nalazi se u Strahinjic\u0301a Bana 10a, Beograd. Skladi\u0161ni prostori se nalaze u Zemunu u Beogradu.<\/span><\/p>\n<p>[\/vc_column_text][\/vc_column][vc_column width=&#8220;1\/6&#8243;][\/vc_column][\/vc_row][vc_row content_width=&#8220;grid&#8220; content_aligment=&#8220;center&#8220; css=&#8220;.vc_custom_1616149330495{padding-left: 1px !important;}&#8220;][vc_column offset=&#8220;vc_col-lg-offset-2 vc_col-lg-8 vc_col-md-offset-1 vc_col-md-10&#8243;][vc_empty_space height=&#8220;200&#8243; el_class=&#8220;manjee&#8220;]<div class=\"eltd-section-title-outer-holder\" style=\"text-align: center\">\n\t<div class=\"eltd-section-title-title-holder\">\n\t\t<span class=\"eltd-section-title\" style=\"font-size: 55px;color: #920000\">\n\t\t\tKANCELARIJA\t\t<\/span>\n\t<\/div>\n\n\t<div class=\"eltd-section-subtitle-holder\">\n\t\t<span class=\"eltd-section-subtitle\" style=\";\">\n\t\t\t\t\t<\/span>\n\t<\/div>\n\n<\/div><div class=\"eltd-separator-holder clearfix  eltd-separator-center\">\n\t<div class=\"eltd-separator\" style=\"border-color: #920000;width: 60px;border-bottom-width: 2px\"><\/div>\n<\/div>\n[vc_empty_space height=&#8220;20px&#8220;][\/vc_column][\/vc_row][vc_row content_width=&#8220;grid&#8220;][vc_column width=&#8220;1\/6&#8243;][\/vc_column][vc_column width=&#8220;2\/3&#8243;][vc_column_text]<\/p>\n<p style=\"text-align: center;\"><span style=\"color: #404040;\">Glavna kancelarija nalazi se u ulici Strahinjic\u0301a Bana 10a, u centru glavnog grada Srbije, Beograda.<\/span><\/p>\n<p style=\"text-align: center;\"><span style=\"color: #404040;\">Sr\u017e na\u0161e organizacije sme\u0161tena u srcu grada jer se u kancelariji vr\u0161e sve komercijalne, logisti\u010dke, poslovne i prodajne aktivnosti.<\/span><\/p>\n<p style=\"text-align: center;\"><span style=\"color: #404040;\">Kancelarija je dostupna za kontakt svakog radnog dana od 08:00 do 16:00 CET.<\/span><\/p>\n<p>[\/vc_column_text][\/vc_column][vc_column width=&#8220;1\/6&#8243;][\/vc_column][\/vc_row][vc_row content_width=&#8220;grid&#8220; content_aligment=&#8220;center&#8220;][vc_column offset=&#8220;vc_col-lg-offset-2 vc_col-lg-8 vc_col-md-offset-1 vc_col-md-10&#8243;][vc_empty_space height=&#8220;55&#8243;]<div class=\"eltd-section-title-outer-holder\" style=\"text-align: center\">\n\t<div class=\"eltd-section-title-title-holder\">\n\t\t<span class=\"eltd-section-title\" style=\"font-size: 55px;color: #920000\">\n\t\t\tSKLADI\u0160TE\t\t<\/span>\n\t<\/div>\n\n\t<div class=\"eltd-section-subtitle-holder\">\n\t\t<span class=\"eltd-section-subtitle\" style=\";\">\n\t\t\t\t\t<\/span>\n\t<\/div>\n\n<\/div><div class=\"eltd-separator-holder clearfix  eltd-separator-center\">\n\t<div class=\"eltd-separator\" style=\"border-color: #920000;width: 60px;border-bottom-width: 2px\"><\/div>\n<\/div>\n[vc_empty_space height=&#8220;20px&#8220;][\/vc_column][\/vc_row][vc_row content_width=&#8220;grid&#8220;][vc_column width=&#8220;1\/6&#8243;][\/vc_column][vc_column width=&#8220;2\/3&#8243;][vc_column_text]<\/p>\n<p style=\"text-align: center;\"><span style=\"color: #404040;\">Organizacijom procesa distribucije upravlja se u skladu sa lokalnim <a href=\"https:\/\/medicalineapharm.rs\/regulativa-i-bezbednost\/?lang=sr\" target=\"_blank\" rel=\"noopener\">pravilima i propisima<\/a>. U na\u0161oj potrazi za stalnim usavr\u0161avanjem, ovo je samo po\u010detak. Svaki proces je dizajniran u skladu sa svim va\u017eec\u0301im standardima i potrebama na\u0161ih klijenata, i zaokru\u017een efikasno\u0161c\u0301u koja karakteri\u0161e sve aspekte poslovanja Medica Linea Pharm. Kvalitet i usagla\u0161enost sa zakonskim propisima <a href=\"https:\/\/medicalineapharm.rs\/skladistenje-i-distribucija\/?lang=sr\" target=\"_blank\" rel=\"noopener\">na\u0161ih skladi\u0161ta<\/a> ocenjuju najvec\u0301e svetske kompanije sa kojima sara\u0111ujemo.<\/span><\/p>\n<p style=\"text-align: center;\"><span style=\"color: #404040;\">Kontinuirano prac\u0301enje zna\u010di da svaki dan predstavlja novu priliku za primenu novih ili pobolj\u0161anje postojec\u0301ih smernica, a sve u cilju stvaranja pouzdane i efikasne mre\u017ee za skladi\u0161tenje i distribuciju za na\u0161e <a href=\"https:\/\/zoono.rs\/\" target=\"_blank\" rel=\"noopener\">partnere<\/a>.<\/span><\/p>\n<p>[\/vc_column_text][vc_empty_space height=&#8220;100&#8243;][\/vc_column][vc_column width=&#8220;1\/6&#8243;][\/vc_column][\/vc_row]<\/p>\n","protected":false},"excerpt":{"rendered":"<p>[vc_row content_width=&#8220;grid&#8220; content_aligment=&#8220;center&#8220; css=&#8220;.vc_custom_1608299254512{padding-top: 125px !important;}&#8220;][vc_column offset=&#8220;vc_col-lg-offset-2 vc_col-lg-8 vc_col-md-offset-1 vc_col-md-10&#8243;][vc_empty_space height=&#8220;20px&#8220;][\/vc_column][\/vc_row][vc_row content_width=&#8220;grid&#8220;][vc_column width=&#8220;1\/6&#8243;][\/vc_column][vc_column width=&#8220;2\/3&#8243;][vc_column_text] Medica Linea Pharm ima registrovano sedi\u0161te u Strahinji\u0107a bana 10 \u2013 dvori\u0161na zgrada, Beograd, a glavna kancelarija nalazi se u Strahinjic\u0301a Bana 10a, Beograd. Skladi\u0161ni prostori se nalaze u Zemunu u&#8230;<\/p>\n","protected":false},"author":4,"featured_media":0,"parent":0,"menu_order":0,"comment_status":"closed","ping_status":"closed","template":"full-width.php","meta":{"footnotes":""},"class_list":["post-11309","page","type-page","status-publish","hentry"],"yoast_head":"<!-- This site is optimized with the Yoast SEO plugin v24.2 - https:\/\/yoast.com\/wordpress\/plugins\/seo\/ -->\n<title>Prostorije - Medica Linea Pharm<\/title>\n<meta name=\"description\" content=\"Sedi\u0161te kompanije Medica Linea Pharm je u Brodarskoj 1b, Novi Beograd, glavna kancelarija je u Strahinjic\u0301a Bana 10a, Beograd, dok se skladi\u0161te nalazi u Zemunu.\" \/>\n<meta name=\"robots\" content=\"index, follow, max-snippet:-1, max-image-preview:large, max-video-preview:-1\" \/>\n<link rel=\"canonical\" href=\"https:\/\/medicalineapharm.rs\/sr\/prostorije\/\" \/>\n<meta property=\"og:locale\" content=\"sr_RS\" \/>\n<meta property=\"og:type\" content=\"article\" \/>\n<meta property=\"og:title\" content=\"Prostorije - Medica Linea Pharm\" \/>\n<meta property=\"og:description\" content=\"Sedi\u0161te kompanije Medica Linea Pharm je u Brodarskoj 1b, Novi Beograd, glavna kancelarija je u Strahinjic\u0301a Bana 10a, Beograd, dok se skladi\u0161te nalazi u Zemunu.\" \/>\n<meta property=\"og:url\" content=\"https:\/\/medicalineapharm.rs\/sr\/prostorije\/\" \/>\n<meta property=\"og:site_name\" content=\"Medica Linea Pharm\" \/>\n<meta property=\"article:modified_time\" content=\"2021-06-10T09:27:38+00:00\" \/>\n<meta property=\"og:image\" content=\"https:\/\/medicalineapharm.rs\/wp-content\/uploads\/2021\/03\/Podr\u0161ka-pacijentima-sa-reumatoidnim-artritisom.jpg\" \/>\n\t<meta property=\"og:image:width\" content=\"1200\" \/>\n\t<meta property=\"og:image:height\" content=\"800\" \/>\n\t<meta property=\"og:image:type\" content=\"image\/jpeg\" \/>\n<meta name=\"twitter:card\" content=\"summary_large_image\" \/>\n<meta name=\"twitter:label1\" content=\"\u041f\u0440\u043e\u0446\u0435\u045a\u0435\u043d\u043e \u0432\u0440\u0435\u043c\u0435 \u0447\u0438\u0442\u0430\u045a\u0430\" \/>\n\t<meta name=\"twitter:data1\" content=\"2 \u043c\u0438\u043d\u0443\u0442\u0430\" \/>\n<script type=\"application\/ld+json\" class=\"yoast-schema-graph\">{\"@context\":\"https:\/\/schema.org\",\"@graph\":[{\"@type\":\"WebPage\",\"@id\":\"https:\/\/medicalineapharm.rs\/sr\/prostorije\/\",\"url\":\"https:\/\/medicalineapharm.rs\/sr\/prostorije\/\",\"name\":\"Prostorije - Medica Linea Pharm\",\"isPartOf\":{\"@id\":\"https:\/\/medicalineapharm.rs\/sr\/#website\"},\"datePublished\":\"2016-06-08T07:59:24+00:00\",\"dateModified\":\"2021-06-10T09:27:38+00:00\",\"description\":\"Sedi\u0161te kompanije Medica Linea Pharm je u Brodarskoj 1b, Novi Beograd, glavna kancelarija je u Strahinjic\u0301a Bana 10a, Beograd, dok se skladi\u0161te nalazi u Zemunu.\",\"breadcrumb\":{\"@id\":\"https:\/\/medicalineapharm.rs\/sr\/prostorije\/#breadcrumb\"},\"inLanguage\":\"sr-RS\",\"potentialAction\":[{\"@type\":\"ReadAction\",\"target\":[\"https:\/\/medicalineapharm.rs\/sr\/prostorije\/\"]}]},{\"@type\":\"BreadcrumbList\",\"@id\":\"https:\/\/medicalineapharm.rs\/sr\/prostorije\/#breadcrumb\",\"itemListElement\":[{\"@type\":\"ListItem\",\"position\":1,\"name\":\"Home\",\"item\":\"https:\/\/medicalineapharm.rs\/sr\/?lang=sr\"},{\"@type\":\"ListItem\",\"position\":2,\"name\":\"Prostorije\"}]},{\"@type\":\"WebSite\",\"@id\":\"https:\/\/medicalineapharm.rs\/sr\/#website\",\"url\":\"https:\/\/medicalineapharm.rs\/sr\/\",\"name\":\"Medica Linea Pharm\",\"description\":\"Belgrade\",\"publisher\":{\"@id\":\"https:\/\/medicalineapharm.rs\/sr\/#organization\"},\"potentialAction\":[{\"@type\":\"SearchAction\",\"target\":{\"@type\":\"EntryPoint\",\"urlTemplate\":\"https:\/\/medicalineapharm.rs\/sr\/?s={search_term_string}\"},\"query-input\":{\"@type\":\"PropertyValueSpecification\",\"valueRequired\":true,\"valueName\":\"search_term_string\"}}],\"inLanguage\":\"sr-RS\"},{\"@type\":\"Organization\",\"@id\":\"https:\/\/medicalineapharm.rs\/sr\/#organization\",\"name\":\"Medica Linea Pharm\",\"url\":\"https:\/\/medicalineapharm.rs\/sr\/\",\"logo\":{\"@type\":\"ImageObject\",\"inLanguage\":\"sr-RS\",\"@id\":\"https:\/\/medicalineapharm.rs\/sr\/#\/schema\/logo\/image\/\",\"url\":\"https:\/\/medicalineapharm.rs\/wp-content\/uploads\/2024\/08\/ML_LOGO.png\",\"contentUrl\":\"https:\/\/medicalineapharm.rs\/wp-content\/uploads\/2024\/08\/ML_LOGO.png\",\"width\":255,\"height\":66,\"caption\":\"Medica Linea Pharm\"},\"image\":{\"@id\":\"https:\/\/medicalineapharm.rs\/sr\/#\/schema\/logo\/image\/\"}}]}<\/script>\n<!-- \/ Yoast SEO plugin. -->","yoast_head_json":{"title":"Prostorije - Medica Linea Pharm","description":"Sedi\u0161te kompanije Medica Linea Pharm je u Brodarskoj 1b, Novi Beograd, glavna kancelarija je u Strahinjic\u0301a Bana 10a, Beograd, dok se skladi\u0161te nalazi u Zemunu.","robots":{"index":"index","follow":"follow","max-snippet":"max-snippet:-1","max-image-preview":"max-image-preview:large","max-video-preview":"max-video-preview:-1"},"canonical":"https:\/\/medicalineapharm.rs\/sr\/prostorije\/","og_locale":"sr_RS","og_type":"article","og_title":"Prostorije - Medica Linea Pharm","og_description":"Sedi\u0161te kompanije Medica Linea Pharm je u Brodarskoj 1b, Novi Beograd, glavna kancelarija je u Strahinjic\u0301a Bana 10a, Beograd, dok se skladi\u0161te nalazi u Zemunu.","og_url":"https:\/\/medicalineapharm.rs\/sr\/prostorije\/","og_site_name":"Medica Linea Pharm","article_modified_time":"2021-06-10T09:27:38+00:00","og_image":[{"width":1200,"height":800,"url":"https:\/\/medicalineapharm.rs\/wp-content\/uploads\/2021\/03\/Podr\u0161ka-pacijentima-sa-reumatoidnim-artritisom.jpg","type":"image\/jpeg"}],"twitter_card":"summary_large_image","twitter_misc":{"\u041f\u0440\u043e\u0446\u0435\u045a\u0435\u043d\u043e \u0432\u0440\u0435\u043c\u0435 \u0447\u0438\u0442\u0430\u045a\u0430":"2 \u043c\u0438\u043d\u0443\u0442\u0430"},"schema":{"@context":"https:\/\/schema.org","@graph":[{"@type":"WebPage","@id":"https:\/\/medicalineapharm.rs\/sr\/prostorije\/","url":"https:\/\/medicalineapharm.rs\/sr\/prostorije\/","name":"Prostorije - Medica Linea Pharm","isPartOf":{"@id":"https:\/\/medicalineapharm.rs\/sr\/#website"},"datePublished":"2016-06-08T07:59:24+00:00","dateModified":"2021-06-10T09:27:38+00:00","description":"Sedi\u0161te kompanije Medica Linea Pharm je u Brodarskoj 1b, Novi Beograd, glavna kancelarija je u Strahinjic\u0301a Bana 10a, Beograd, dok se skladi\u0161te nalazi u Zemunu.","breadcrumb":{"@id":"https:\/\/medicalineapharm.rs\/sr\/prostorije\/#breadcrumb"},"inLanguage":"sr-RS","potentialAction":[{"@type":"ReadAction","target":["https:\/\/medicalineapharm.rs\/sr\/prostorije\/"]}]},{"@type":"BreadcrumbList","@id":"https:\/\/medicalineapharm.rs\/sr\/prostorije\/#breadcrumb","itemListElement":[{"@type":"ListItem","position":1,"name":"Home","item":"https:\/\/medicalineapharm.rs\/sr\/?lang=sr"},{"@type":"ListItem","position":2,"name":"Prostorije"}]},{"@type":"WebSite","@id":"https:\/\/medicalineapharm.rs\/sr\/#website","url":"https:\/\/medicalineapharm.rs\/sr\/","name":"Medica Linea Pharm","description":"Belgrade","publisher":{"@id":"https:\/\/medicalineapharm.rs\/sr\/#organization"},"potentialAction":[{"@type":"SearchAction","target":{"@type":"EntryPoint","urlTemplate":"https:\/\/medicalineapharm.rs\/sr\/?s={search_term_string}"},"query-input":{"@type":"PropertyValueSpecification","valueRequired":true,"valueName":"search_term_string"}}],"inLanguage":"sr-RS"},{"@type":"Organization","@id":"https:\/\/medicalineapharm.rs\/sr\/#organization","name":"Medica Linea Pharm","url":"https:\/\/medicalineapharm.rs\/sr\/","logo":{"@type":"ImageObject","inLanguage":"sr-RS","@id":"https:\/\/medicalineapharm.rs\/sr\/#\/schema\/logo\/image\/","url":"https:\/\/medicalineapharm.rs\/wp-content\/uploads\/2024\/08\/ML_LOGO.png","contentUrl":"https:\/\/medicalineapharm.rs\/wp-content\/uploads\/2024\/08\/ML_LOGO.png","width":255,"height":66,"caption":"Medica Linea Pharm"},"image":{"@id":"https:\/\/medicalineapharm.rs\/sr\/#\/schema\/logo\/image\/"}}]}},"_links":{"self":[{"href":"https:\/\/medicalineapharm.rs\/sr\/wp-json\/wp\/v2\/pages\/11309","targetHints":{"allow":["GET"]}}],"collection":[{"href":"https:\/\/medicalineapharm.rs\/sr\/wp-json\/wp\/v2\/pages"}],"about":[{"href":"https:\/\/medicalineapharm.rs\/sr\/wp-json\/wp\/v2\/types\/page"}],"author":[{"embeddable":true,"href":"https:\/\/medicalineapharm.rs\/sr\/wp-json\/wp\/v2\/users\/4"}],"replies":[{"embeddable":true,"href":"https:\/\/medicalineapharm.rs\/sr\/wp-json\/wp\/v2\/comments?post=11309"}],"version-history":[{"count":8,"href":"https:\/\/medicalineapharm.rs\/sr\/wp-json\/wp\/v2\/pages\/11309\/revisions"}],"predecessor-version":[{"id":11621,"href":"https:\/\/medicalineapharm.rs\/sr\/wp-json\/wp\/v2\/pages\/11309\/revisions\/11621"}],"wp:attachment":[{"href":"https:\/\/medicalineapharm.rs\/sr\/wp-json\/wp\/v2\/media?parent=11309"}],"curies":[{"name":"wp","href":"https:\/\/api.w.org\/{rel}","templated":true}]}}